{"id":364,"date":"2025-11-25T15:06:02","date_gmt":"2025-11-25T14:06:02","guid":{"rendered":"https:\/\/aweber.hak-digital.at\/?page_id=364"},"modified":"2026-01-13T14:13:38","modified_gmt":"2026-01-13T13:13:38","slug":"about-me","status":"publish","type":"page","link":"https:\/\/aweber.hak-digital.at\/?page_id=364","title":{"rendered":"About me"},"content":{"rendered":"\n<h2 class=\"wp-block-heading\">\u00dcber mich<\/h2>\n\n\n\n<p>Hallo und herzlich willkommen!<br>Ich bin Anna und liebe es, spannende Dinge zu entdecken und Geschichten zu teilen \u2013 besonders \u00fcber Tiere, interessante Fakten oder kleine Kuriosit\u00e4ten aus der Welt. Neugier treibt mich an: Ich probiere gerne Neues aus, lerne st\u00e4ndig dazu und scheue mich nicht davor, Dinge auf unkonventionelle Weise zu erkunden.<\/p>\n\n\n\n<p>Neben meiner Begeisterung f\u00fcr Wissen liebe ich es, kreativ zu sein. Ob beim Schreiben, Gestalten von Projekten oder beim Entwickeln neuer Ideen \u2013 ich stecke immer viel Herzblut in das, was ich tue. Mir macht es Freude, andere zu inspirieren, zu informieren und ein kleines L\u00e4cheln zu hinterlassen, sei es durch spannende Fun Facts, spannende Geschichten oder einfach durch ein bisschen Humor im Alltag.<\/p>\n\n\n\n<p>In meiner Freizeit entdecke ich gerne die Natur, beobachte Tiere oder probiere neue Rezepte aus \u2013 immer auf der Suche nach kleinen Abenteuern, die den Alltag bereichern. Auf dieser Seite m\u00f6chte ich meine Leidenschaft f\u00fcr Wissen, Kreativit\u00e4t und die kleinen Wunder der Welt mit dir teilen. Willkommen auf meiner Entdeckungsreise!<\/p>\n\n\n\n<hr class=\"wp-block-separator has-alpha-channel-opacity\"\/>\n\n\n\n<p><\/p>\n","protected":false},"excerpt":{"rendered":"<p>\u00dcber mich Hallo und herzlich willkommen!Ich bin Anna und liebe es, spannende Dinge zu entdecken und Geschichten zu teilen \u2013 besonders \u00fcber Tiere, interessante Fakten oder kleine Kuriosit\u00e4ten aus der&hellip;<\/p>\n","protected":false},"author":1,"featured_media":0,"parent":0,"menu_order":0,"comment_status":"closed","ping_status":"closed","template":"","meta":{"footnotes":""},"class_list":["post-364","page","type-page","status-publish","hentry"],"_links":{"self":[{"href":"https:\/\/aweber.hak-digital.at\/index.php?rest_route=\/wp\/v2\/pages\/364","targetHints":{"allow":["GET"]}}],"collection":[{"href":"https:\/\/aweber.hak-digital.at\/index.php?rest_route=\/wp\/v2\/pages"}],"about":[{"href":"https:\/\/aweber.hak-digital.at\/index.php?rest_route=\/wp\/v2\/types\/page"}],"author":[{"embeddable":true,"href":"https:\/\/aweber.hak-digital.at\/index.php?rest_route=\/wp\/v2\/users\/1"}],"replies":[{"embeddable":true,"href":"https:\/\/aweber.hak-digital.at\/index.php?rest_route=%2Fwp%2Fv2%2Fcomments&post=364"}],"version-history":[{"count":5,"href":"https:\/\/aweber.hak-digital.at\/index.php?rest_route=\/wp\/v2\/pages\/364\/revisions"}],"predecessor-version":[{"id":399,"href":"https:\/\/aweber.hak-digital.at\/index.php?rest_route=\/wp\/v2\/pages\/364\/revisions\/399"}],"wp:attachment":[{"href":"https:\/\/aweber.hak-digital.at\/index.php?rest_route=%2Fwp%2Fv2%2Fmedia&parent=364"}],"curies":[{"name":"wp","href":"https:\/\/api.w.org\/{rel}","templated":true}]}}