{"id":375,"date":"2025-12-09T14:03:41","date_gmt":"2025-12-09T13:03:41","guid":{"rendered":"https:\/\/aweber.hak-digital.at\/?page_id=375"},"modified":"2025-12-09T14:14:55","modified_gmt":"2025-12-09T13:14:55","slug":"impressum","status":"publish","type":"page","link":"https:\/\/aweber.hak-digital.at\/?page_id=375","title":{"rendered":"Impressum"},"content":{"rendered":"\n<h2 class=\"wp-block-heading\">Impressum<\/h2>\n\n\n\n<p><strong>Angaben gem\u00e4\u00df \u00a7 5 ECG und \u00a7 25 MedienG<\/strong><\/p>\n\n\n\n<p><strong>Website-Betreiberin:<\/strong><br>Anna Weber<br>Bankmannring 1<br>2100 Korneuburg<br>\u00d6sterreich<\/p>\n\n\n\n<p><strong>Kontakt:<\/strong><br>E-Mail:\u00a0<a>anna.weber@hak-korneuburg.at<\/a><\/p>\n\n\n\n<p><strong>Haftungsausschluss:<\/strong><br>Alle Inhalte dieser Website wurden sorgf\u00e4ltig erstellt. F\u00fcr Richtigkeit, Vollst\u00e4ndigkeit und Aktualit\u00e4t wird jedoch keine Haftung \u00fcbernommen. Trotz sorgf\u00e4ltiger Kontrolle wird keine Haftung f\u00fcr externe Links \u00fcbernommen. F\u00fcr den Inhalt verlinkter Seiten sind ausschlie\u00dflich deren Betreiber verantwortlich.<\/p>\n\n\n\n<p><strong>Urheberrecht:<\/strong><br>Alle Inhalte (Bilder, Texte, Grafiken) dieser Website sind urheberrechtlich gesch\u00fctzt und d\u00fcrfen ohne schriftliche Zustimmung nicht verwendet werden<\/p>\n","protected":false},"excerpt":{"rendered":"<p>Impressum Angaben gem\u00e4\u00df \u00a7 5 ECG und \u00a7 25 MedienG Website-Betreiberin:Anna WeberBankmannring 12100 Korneuburg\u00d6sterreich Kontakt:E-Mail:\u00a0anna.weber@hak-korneuburg.at Haftungsausschluss:Alle Inhalte dieser Website wurden sorgf\u00e4ltig erstellt. F\u00fcr Richtigkeit, Vollst\u00e4ndigkeit und Aktualit\u00e4t wird jedoch keine&hellip;<\/p>\n","protected":false},"author":1,"featured_media":0,"parent":0,"menu_order":0,"comment_status":"closed","ping_status":"closed","template":"","meta":{"footnotes":""},"class_list":["post-375","page","type-page","status-publish","hentry"],"_links":{"self":[{"href":"https:\/\/aweber.hak-digital.at\/index.php?rest_route=\/wp\/v2\/pages\/375","targetHints":{"allow":["GET"]}}],"collection":[{"href":"https:\/\/aweber.hak-digital.at\/index.php?rest_route=\/wp\/v2\/pages"}],"about":[{"href":"https:\/\/aweber.hak-digital.at\/index.php?rest_route=\/wp\/v2\/types\/page"}],"author":[{"embeddable":true,"href":"https:\/\/aweber.hak-digital.at\/index.php?rest_route=\/wp\/v2\/users\/1"}],"replies":[{"embeddable":true,"href":"https:\/\/aweber.hak-digital.at\/index.php?rest_route=%2Fwp%2Fv2%2Fcomments&post=375"}],"version-history":[{"count":2,"href":"https:\/\/aweber.hak-digital.at\/index.php?rest_route=\/wp\/v2\/pages\/375\/revisions"}],"predecessor-version":[{"id":385,"href":"https:\/\/aweber.hak-digital.at\/index.php?rest_route=\/wp\/v2\/pages\/375\/revisions\/385"}],"wp:attachment":[{"href":"https:\/\/aweber.hak-digital.at\/index.php?rest_route=%2Fwp%2Fv2%2Fmedia&parent=375"}],"curies":[{"name":"wp","href":"https:\/\/api.w.org\/{rel}","templated":true}]}}